{"id":3231,"date":"2026-04-01T20:08:19","date_gmt":"2026-04-01T18:08:19","guid":{"rendered":"https:\/\/eforeaspacostabella.com\/?page_id=3231"},"modified":"2026-04-21T09:43:22","modified_gmt":"2026-04-21T07:43:22","slug":"eforea-run-club","status":"publish","type":"page","link":"https:\/\/eforeaspacostabella.com\/hr\/eforea-run-club\/","title":{"rendered":"Eforea Run Club"},"content":{"rendered":"\t\t<div data-elementor-type=\"wp-page\" data-elementor-id=\"3231\" class=\"elementor elementor-3231 elementor-3230\" data-elementor-post-type=\"page\">\n\t\t\t\t\t\t<section class=\"elementor-section elementor-top-section elementor-element elementor-element-3845341 elementor-section-height-min-height elementor-section-boxed elementor-section-height-default elementor-section-items-middle elementor-invisible\" data-id=\"3845341\" data-element_type=\"section\" data-e-type=\"section\" data-settings=\"{&quot;background_background&quot;:&quot;classic&quot;,&quot;animation&quot;:&quot;fadeInDown&quot;}\">\n\t\t\t\t\t\t\t<div class=\"elementor-background-overlay\"><\/div>\n\t\t\t\t\t\t\t<div class=\"elementor-container elementor-column-gap-default\">\n\t\t\t\t\t<div class=\"elementor-column elementor-col-100 elementor-top-column elementor-element elementor-element-c3b0e07\" data-id=\"c3b0e07\" data-element_type=\"column\" data-e-type=\"column\" data-settings=\"{&quot;background_background&quot;:&quot;classic&quot;}\">\n\t\t\t<div class=\"elementor-widget-wrap elementor-element-populated\">\n\t\t\t\t\t\t<div class=\"elementor-element elementor-element-7b99db0 bluerBtn1 elementor-invisible elementor-widget elementor-widget-heading\" data-id=\"7b99db0\" data-element_type=\"widget\" data-e-type=\"widget\" data-settings=\"{&quot;_animation&quot;:&quot;fadeInDown&quot;,&quot;_animation_delay&quot;:500}\" data-widget_type=\"heading.default\">\n\t\t\t\t<div class=\"elementor-widget-container\">\n\t\t\t\t\t<h1 class=\"elementor-heading-title elementor-size-default\">EFOREA RUN CLUB<\/h1>\t\t\t\t<\/div>\n\t\t\t\t<\/div>\n\t\t\t\t<div class=\"elementor-element elementor-element-1c799f6 elementor-align-center bluerBtn1 elementor-invisible elementor-widget elementor-widget-button\" data-id=\"1c799f6\" data-element_type=\"widget\" data-e-type=\"widget\" data-settings=\"{&quot;_animation&quot;:&quot;fadeInUp&quot;}\" data-widget_type=\"button.default\">\n\t\t\t\t<div class=\"elementor-widget-container\">\n\t\t\t\t\t\t\t\t\t<div class=\"elementor-button-wrapper\">\n\t\t\t\t\t<a class=\"elementor-button elementor-button-link elementor-size-sm\" href=\"https:\/\/forms.gle\/ZnqpwZ4F83dS1HgS6\" target=\"_blank\">\n\t\t\t\t\t\t<span class=\"elementor-button-content-wrapper\">\n\t\t\t\t\t\t\t\t\t<span class=\"elementor-button-text\">Pridru\u017eite nam se!<\/span>\n\t\t\t\t\t<\/span>\n\t\t\t\t\t<\/a>\n\t\t\t\t<\/div>\n\t\t\t\t\t\t\t\t<\/div>\n\t\t\t\t<\/div>\n\t\t\t\t\t<\/div>\n\t\t<\/div>\n\t\t\t\t\t<\/div>\n\t\t<\/section>\n\t\t\t\t<section class=\"elementor-section elementor-top-section elementor-element elementor-element-e0cedf4 elementor-section-boxed elementor-section-height-default elementor-section-height-default\" data-id=\"e0cedf4\" data-element_type=\"section\" data-e-type=\"section\" data-settings=\"{&quot;background_background&quot;:&quot;classic&quot;}\">\n\t\t\t\t\t\t<div class=\"elementor-container elementor-column-gap-default\">\n\t\t\t\t\t<div class=\"elementor-column elementor-col-100 elementor-top-column elementor-element elementor-element-075e6b7\" data-id=\"075e6b7\" data-element_type=\"column\" data-e-type=\"column\">\n\t\t\t<div class=\"elementor-widget-wrap elementor-element-populated\">\n\t\t\t\t\t\t<div class=\"elementor-element elementor-element-6586ff0 elementor-widget elementor-widget-text-editor\" data-id=\"6586ff0\" data-element_type=\"widget\" data-e-type=\"widget\" data-widget_type=\"text-editor.default\">\n\t\t\t\t<div class=\"elementor-widget-container\">\n\t\t\t\t\t\t\t\t\t<h1 class=\"p1\"><strong>Nova trka\u010dka zajednica u Rijeci!<\/strong><\/h1>\t\t\t\t\t\t\t\t<\/div>\n\t\t\t\t<\/div>\n\t\t\t\t<div class=\"elementor-element elementor-element-4aa4e78 elementor-widget elementor-widget-text-editor\" data-id=\"4aa4e78\" data-element_type=\"widget\" data-e-type=\"widget\" data-widget_type=\"text-editor.default\">\n\t\t\t\t<div class=\"elementor-widget-container\">\n\t\t\t\t\t\t\t\t\t<p class=\"p1\">Eforea Spa &amp; Health Club predstavlja eforea Run Club: novi program osmi\u0161ljen za sve koji \u017eele unaprijediti svoju kondiciju, razviti pravilnu tehniku tr\u010danja i postati dio motiviraju\u0107e zajednice.<\/p><p class=\"p1\">Eforea Run Club razvijen je kao strukturiran i dugoro\u010dno odr\u017eiv koncept, koji spaja stru\u010dno vo\u0111enje, kontinuirani napredak i snagu grupne motivacije.<\/p><p class=\"p1\">Bez obzira na va\u0161u trenutnu razinu spremnosti, cilj je isti: <b>stvoriti naviku kretanja koja donosi rezultate!<\/b><b><\/b><\/p>\t\t\t\t\t\t\t\t<\/div>\n\t\t\t\t<\/div>\n\t\t\t\t<section class=\"elementor-section elementor-inner-section elementor-element elementor-element-01fb44b elementor-reverse-mobile elementor-section-boxed elementor-section-height-default elementor-section-height-default\" data-id=\"01fb44b\" data-element_type=\"section\" data-e-type=\"section\">\n\t\t\t\t\t\t<div class=\"elementor-container elementor-column-gap-no\">\n\t\t\t\t\t<div class=\"elementor-column elementor-col-50 elementor-inner-column elementor-element elementor-element-357e62d\" data-id=\"357e62d\" data-element_type=\"column\" data-e-type=\"column\" data-settings=\"{&quot;background_background&quot;:&quot;classic&quot;}\">\n\t\t\t<div class=\"elementor-widget-wrap elementor-element-populated\">\n\t\t\t\t\t\t<div class=\"elementor-element elementor-element-6f34a70 elementor-widget elementor-widget-heading\" data-id=\"6f34a70\" data-element_type=\"widget\" data-e-type=\"widget\" data-widget_type=\"heading.default\">\n\t\t\t\t<div class=\"elementor-widget-container\">\n\t\t\t\t\t<h2 class=\"elementor-heading-title elementor-size-default\">Vidimo se 26. 4.!<\/h2>\t\t\t\t<\/div>\n\t\t\t\t<\/div>\n\t\t\t\t<div class=\"elementor-element elementor-element-668e8d8 elementor-widget elementor-widget-text-editor\" data-id=\"668e8d8\" data-element_type=\"widget\" data-e-type=\"widget\" data-widget_type=\"text-editor.default\">\n\t\t\t\t<div class=\"elementor-widget-container\">\n\t\t\t\t\t\t\t\t\t<p class=\"p1\">Upoznajte eforea Run Club iz prve ruke<\/p><p class=\"p1\">Pridru\u017eite nam se u nedjelju, 26. 4. 2026. u 9:00h u Hotelu Hilton, Opatijska ul. 9, Rijeka.<\/p><p class=\"p1\">Cilj susreta nije isklju\u010divo aktivnost, ve\u0107 razumijevanje osnovnih principa u\u010dinkovitog i sigurnog tr\u010danja, od pripreme tijela do kontrole optere\u0107enja tijekom treninga.<\/p>\t\t\t\t\t\t\t\t<\/div>\n\t\t\t\t<\/div>\n\t\t\t\t<div class=\"elementor-element elementor-element-47d3227 elementor-widget elementor-widget-text-editor\" data-id=\"47d3227\" data-element_type=\"widget\" data-e-type=\"widget\" data-widget_type=\"text-editor.default\">\n\t\t\t\t<div class=\"elementor-widget-container\">\n\t\t\t\t\t\t\t\t\t<p><strong>Zbog ograni\u010denih mjesta, prijave su obavezne!<\/strong><\/p>\t\t\t\t\t\t\t\t<\/div>\n\t\t\t\t<\/div>\n\t\t\t\t<div class=\"elementor-element elementor-element-458e8c6 elementor-widget elementor-widget-button\" data-id=\"458e8c6\" data-element_type=\"widget\" data-e-type=\"widget\" data-widget_type=\"button.default\">\n\t\t\t\t<div class=\"elementor-widget-container\">\n\t\t\t\t\t\t\t\t\t<div class=\"elementor-button-wrapper\">\n\t\t\t\t\t<a class=\"elementor-button elementor-button-link elementor-size-sm\" href=\"https:\/\/forms.gle\/ZnqpwZ4F83dS1HgS6\" target=\"_blank\">\n\t\t\t\t\t\t<span class=\"elementor-button-content-wrapper\">\n\t\t\t\t\t\t\t\t\t<span class=\"elementor-button-text\">Pridru\u017eite nam se!<\/span>\n\t\t\t\t\t<\/span>\n\t\t\t\t\t<\/a>\n\t\t\t\t<\/div>\n\t\t\t\t\t\t\t\t<\/div>\n\t\t\t\t<\/div>\n\t\t\t\t\t<\/div>\n\t\t<\/div>\n\t\t\t\t<div class=\"elementor-column elementor-col-50 elementor-inner-column elementor-element elementor-element-58c734d\" data-id=\"58c734d\" data-element_type=\"column\" data-e-type=\"column\" data-settings=\"{&quot;background_background&quot;:&quot;classic&quot;}\">\n\t\t\t<div class=\"elementor-widget-wrap elementor-element-populated\">\n\t\t\t\t\t\t<div class=\"elementor-element elementor-element-1f71a7e elementor-hidden-desktop elementor-hidden-tablet elementor-widget elementor-widget-image\" data-id=\"1f71a7e\" data-element_type=\"widget\" data-e-type=\"widget\" data-widget_type=\"image.default\">\n\t\t\t\t<div class=\"elementor-widget-container\">\n\t\t\t\t\t\t\t\t\t\t\t\t\t\t\t<img fetchpriority=\"high\" decoding=\"async\" width=\"800\" height=\"450\" src=\"https:\/\/eforeaspacostabella.com\/wp-content\/uploads\/2026\/04\/Eforea-Run-Club2-1024x576.png\" class=\"attachment-large size-large wp-image-3239\" alt=\"Eforea Run Club\" srcset=\"https:\/\/eforeaspacostabella.com\/wp-content\/uploads\/2026\/04\/Eforea-Run-Club2-1024x576.png 1024w, https:\/\/eforeaspacostabella.com\/wp-content\/uploads\/2026\/04\/Eforea-Run-Club2-300x169.png 300w, https:\/\/eforeaspacostabella.com\/wp-content\/uploads\/2026\/04\/Eforea-Run-Club2-768x432.png 768w, https:\/\/eforeaspacostabella.com\/wp-content\/uploads\/2026\/04\/Eforea-Run-Club2-1536x864.png 1536w, https:\/\/eforeaspacostabella.com\/wp-content\/uploads\/2026\/04\/Eforea-Run-Club2.png 1920w\" sizes=\"(max-width: 800px) 100vw, 800px\" \/>\t\t\t\t\t\t\t\t\t\t\t\t\t\t\t<\/div>\n\t\t\t\t<\/div>\n\t\t\t\t\t<\/div>\n\t\t<\/div>\n\t\t\t\t\t<\/div>\n\t\t<\/section>\n\t\t\t\t<div class=\"elementor-element elementor-element-4ae6dd1 elementor-widget elementor-widget-text-editor\" data-id=\"4ae6dd1\" data-element_type=\"widget\" data-e-type=\"widget\" data-widget_type=\"text-editor.default\">\n\t\t\t\t<div class=\"elementor-widget-container\">\n\t\t\t\t\t\t\t\t\t<h2 class=\"p1\"><span style=\"color: #333333;\"><b>P<\/b><\/span><b><span style=\"color: #1f1f1f;\">osljednja p<\/span><span style=\"color: #333333;\">rilika za besplatno pridru\u017eivanje!<\/span><\/b><\/h2>\t\t\t\t\t\t\t\t<\/div>\n\t\t\t\t<\/div>\n\t\t\t\t<div class=\"elementor-element elementor-element-8ef9d5e elementor-widget elementor-widget-text-editor\" data-id=\"8ef9d5e\" data-element_type=\"widget\" data-e-type=\"widget\" data-widget_type=\"text-editor.default\">\n\t\t\t\t<div class=\"elementor-widget-container\">\n\t\t\t\t\t\t\t\t\t<p class=\"p1\"><span style=\"color: #444444;\">Kroz kratki uvod upoznat \u0107ete na\u0161 pristup treningu, a zatim slijedi vo\u0111eni trening na otvorenom koji uklju\u010duje zagrijavanje, tr\u010danje i istezanje. Trening je osmi\u0161ljen tako da odgovara razli\u010ditim razinama spremnosti, uz fokus na pravilno kretanje, kontrolu tempa i osje\u0107aj sigurnosti tijekom aktivnosti.<\/span><span style=\"color: #333333;\"><br \/><\/span><\/p><p class=\"p1\"><span style=\"color: #444444;\">Nakon treninga predvi\u0111eno je vrijeme za opu\u0161teno dru\u017eenje i dodatna pitanja.<\/span><span style=\"color: #333333;\"><br \/><\/span><\/p><p class=\"p1\"><span style=\"color: #444444;\">Jo\u0161 jedna prilika za besplatno pridru\u017eivanje eforea Run Clubu,\u00a0uz prethodnu prijavu do 24. 4. 2026., a broj mjesta je ograni\u010den.<\/span><span style=\"color: #333333;\"><br \/><\/span><\/p><p class=\"p1\"><span style=\"color: #444444;\">Vidimo se na\u0161em prvom treningu!<\/span><\/p>\t\t\t\t\t\t\t\t<\/div>\n\t\t\t\t<\/div>\n\t\t\t\t<div class=\"elementor-element elementor-element-5137657 elementor-align-left elementor-widget elementor-widget-button\" data-id=\"5137657\" data-element_type=\"widget\" data-e-type=\"widget\" data-widget_type=\"button.default\">\n\t\t\t\t<div class=\"elementor-widget-container\">\n\t\t\t\t\t\t\t\t\t<div class=\"elementor-button-wrapper\">\n\t\t\t\t\t<a class=\"elementor-button elementor-button-link elementor-size-sm\" href=\"https:\/\/forms.gle\/ZnqpwZ4F83dS1HgS6\" target=\"_blank\">\n\t\t\t\t\t\t<span class=\"elementor-button-content-wrapper\">\n\t\t\t\t\t\t\t\t\t<span class=\"elementor-button-text\">Pridru\u017eite nam se!<\/span>\n\t\t\t\t\t<\/span>\n\t\t\t\t\t<\/a>\n\t\t\t\t<\/div>\n\t\t\t\t\t\t\t\t<\/div>\n\t\t\t\t<\/div>\n\t\t\t\t<section class=\"elementor-section elementor-inner-section elementor-element elementor-element-39f1e0f elementor-section-boxed elementor-section-height-default elementor-section-height-default\" data-id=\"39f1e0f\" data-element_type=\"section\" data-e-type=\"section\">\n\t\t\t\t\t\t<div class=\"elementor-container elementor-column-gap-no\">\n\t\t\t\t\t<div class=\"elementor-column elementor-col-50 elementor-inner-column elementor-element elementor-element-5f5c7f8\" data-id=\"5f5c7f8\" data-element_type=\"column\" data-e-type=\"column\" data-settings=\"{&quot;background_background&quot;:&quot;classic&quot;}\">\n\t\t\t<div class=\"elementor-widget-wrap elementor-element-populated\">\n\t\t\t\t\t\t<div class=\"elementor-element elementor-element-bb90d74 elementor-hidden-desktop elementor-hidden-tablet elementor-widget elementor-widget-image\" data-id=\"bb90d74\" data-element_type=\"widget\" data-e-type=\"widget\" data-widget_type=\"image.default\">\n\t\t\t\t<div class=\"elementor-widget-container\">\n\t\t\t\t\t\t\t\t\t\t\t\t\t\t\t<img decoding=\"async\" width=\"800\" height=\"450\" src=\"https:\/\/eforeaspacostabella.com\/wp-content\/uploads\/2026\/04\/Eforea-Run-Club3-1024x576.png\" class=\"attachment-large size-large wp-image-3237\" alt=\"Eforea Run Club\" srcset=\"https:\/\/eforeaspacostabella.com\/wp-content\/uploads\/2026\/04\/Eforea-Run-Club3-1024x576.png 1024w, https:\/\/eforeaspacostabella.com\/wp-content\/uploads\/2026\/04\/Eforea-Run-Club3-300x169.png 300w, https:\/\/eforeaspacostabella.com\/wp-content\/uploads\/2026\/04\/Eforea-Run-Club3-768x432.png 768w, https:\/\/eforeaspacostabella.com\/wp-content\/uploads\/2026\/04\/Eforea-Run-Club3-1536x864.png 1536w, https:\/\/eforeaspacostabella.com\/wp-content\/uploads\/2026\/04\/Eforea-Run-Club3.png 1920w\" sizes=\"(max-width: 800px) 100vw, 800px\" \/>\t\t\t\t\t\t\t\t\t\t\t\t\t\t\t<\/div>\n\t\t\t\t<\/div>\n\t\t\t\t\t<\/div>\n\t\t<\/div>\n\t\t\t\t<div class=\"elementor-column elementor-col-50 elementor-inner-column elementor-element elementor-element-9335396\" data-id=\"9335396\" data-element_type=\"column\" data-e-type=\"column\" data-settings=\"{&quot;background_background&quot;:&quot;classic&quot;}\">\n\t\t\t<div class=\"elementor-widget-wrap elementor-element-populated\">\n\t\t\t\t\t\t<div class=\"elementor-element elementor-element-739257b elementor-widget elementor-widget-heading\" data-id=\"739257b\" data-element_type=\"widget\" data-e-type=\"widget\" data-widget_type=\"heading.default\">\n\t\t\t\t<div class=\"elementor-widget-container\">\n\t\t\t\t\t<h2 class=\"elementor-heading-title elementor-size-default\">Kome je program namijenjen?<\/h2>\t\t\t\t<\/div>\n\t\t\t\t<\/div>\n\t\t\t\t<div class=\"elementor-element elementor-element-f3456a2 elementor-widget elementor-widget-text-editor\" data-id=\"f3456a2\" data-element_type=\"widget\" data-e-type=\"widget\" data-widget_type=\"text-editor.default\">\n\t\t\t\t<div class=\"elementor-widget-container\">\n\t\t\t\t\t\t\t\t\t<ul><li class=\"li1\">osobama bez prethodnog iskustva koje \u017eele zapo\u010deti tr\u010danje na siguran i kontroliran na\u010din<\/li><li class=\"li1\">rekreativcima koji \u017eele unaprijediti tehniku i pove\u0107ati izdr\u017eljivost<\/li><li class=\"li1\">\u010dlanovima koji \u017eele strukturiran pristup tjelesnoj aktivnosti u vanjskom okru\u017eenju<\/li><\/ul>\t\t\t\t\t\t\t\t<\/div>\n\t\t\t\t<\/div>\n\t\t\t\t<div class=\"elementor-element elementor-element-6a180fd elementor-widget elementor-widget-text-editor\" data-id=\"6a180fd\" data-element_type=\"widget\" data-e-type=\"widget\" data-widget_type=\"text-editor.default\">\n\t\t\t\t<div class=\"elementor-widget-container\">\n\t\t\t\t\t\t\t\t\t<strong>Prijavite se!\n<br>*Prvi trening je besplatan!\n<\/strong><\/h4>\t\t\t\t\t\t\t\t<\/div>\n\t\t\t\t<\/div>\n\t\t\t\t<div class=\"elementor-element elementor-element-e2909b4 elementor-widget elementor-widget-button\" data-id=\"e2909b4\" data-element_type=\"widget\" data-e-type=\"widget\" data-widget_type=\"button.default\">\n\t\t\t\t<div class=\"elementor-widget-container\">\n\t\t\t\t\t\t\t\t\t<div class=\"elementor-button-wrapper\">\n\t\t\t\t\t<a class=\"elementor-button elementor-button-link elementor-size-sm\" href=\"https:\/\/forms.gle\/ZnqpwZ4F83dS1HgS6\" target=\"_blank\">\n\t\t\t\t\t\t<span class=\"elementor-button-content-wrapper\">\n\t\t\t\t\t\t\t\t\t<span class=\"elementor-button-text\">Prijavite se!<\/span>\n\t\t\t\t\t<\/span>\n\t\t\t\t\t<\/a>\n\t\t\t\t<\/div>\n\t\t\t\t\t\t\t\t<\/div>\n\t\t\t\t<\/div>\n\t\t\t\t\t<\/div>\n\t\t<\/div>\n\t\t\t\t\t<\/div>\n\t\t<\/section>\n\t\t\t\t\t<\/div>\n\t\t<\/div>\n\t\t\t\t\t<\/div>\n\t\t<\/section>\n\t\t\t\t<section class=\"elementor-section elementor-top-section elementor-element elementor-element-ea972e5 elementor-section-boxed elementor-section-height-default elementor-section-height-default\" data-id=\"ea972e5\" data-element_type=\"section\" data-e-type=\"section\">\n\t\t\t\t\t\t<div class=\"elementor-container elementor-column-gap-default\">\n\t\t\t\t\t<div class=\"elementor-column elementor-col-100 elementor-top-column elementor-element elementor-element-744bea3\" data-id=\"744bea3\" data-element_type=\"column\" data-e-type=\"column\">\n\t\t\t<div class=\"elementor-widget-wrap elementor-element-populated\">\n\t\t\t\t\t\t<div class=\"elementor-element elementor-element-6d3fb1a elementor-widget elementor-widget-text-editor\" data-id=\"6d3fb1a\" data-element_type=\"widget\" data-e-type=\"widget\" data-widget_type=\"text-editor.default\">\n\t\t\t\t<div class=\"elementor-widget-container\">\n\t\t\t\t\t\t\t\t\t<p class=\"p1\"><strong> Vrijeme je za prvi korak.\u2028 <\/strong><\/p>\n<p class=\"p1\">Rezervirajte svoje mjesto i budite dio prve generacije eforea Run Cluba.\n<\/p>\t\t\t\t\t\t\t\t<\/div>\n\t\t\t\t<\/div>\n\t\t\t\t<div class=\"elementor-element elementor-element-f96aef9 elementor-align-center elementor-widget elementor-widget-button\" data-id=\"f96aef9\" data-element_type=\"widget\" data-e-type=\"widget\" data-widget_type=\"button.default\">\n\t\t\t\t<div class=\"elementor-widget-container\">\n\t\t\t\t\t\t\t\t\t<div class=\"elementor-button-wrapper\">\n\t\t\t\t\t<a class=\"elementor-button elementor-button-link elementor-size-sm\" href=\"https:\/\/forms.gle\/ZnqpwZ4F83dS1HgS6\" target=\"_blank\">\n\t\t\t\t\t\t<span class=\"elementor-button-content-wrapper\">\n\t\t\t\t\t\t\t\t\t<span class=\"elementor-button-text\">Prijavite se!<\/span>\n\t\t\t\t\t<\/span>\n\t\t\t\t\t<\/a>\n\t\t\t\t<\/div>\n\t\t\t\t\t\t\t\t<\/div>\n\t\t\t\t<\/div>\n\t\t\t\t\t<\/div>\n\t\t<\/div>\n\t\t\t\t\t<\/div>\n\t\t<\/section>\n\t\t\t\t<\/div>\n\t\t","protected":false},"excerpt":{"rendered":"<p>EFOREA RUN CLUB Pridru\u017eite nam se! Nova trka\u010dka zajednica u Rijeci! Eforea Spa &amp; Health Club predstavlja eforea Run Club: novi program osmi\u0161ljen za sve koji \u017eele unaprijediti svoju kondiciju, razviti pravilnu tehniku tr\u010danja i postati dio motiviraju\u0107e zajednice. Eforea Run Club razvijen je kao strukturiran i dugoro\u010dno odr\u017eiv koncept, koji spaja stru\u010dno vo\u0111enje, kontinuirani [&hellip;]<\/p>\n","protected":false},"author":1,"featured_media":0,"parent":0,"menu_order":0,"comment_status":"closed","ping_status":"closed","template":"elementor_header_footer","meta":{"inline_featured_image":false,"footnotes":""},"class_list":["post-3231","page","type-page","status-publish","hentry"],"yoast_head":"<!-- This site is optimized with the Yoast SEO plugin v27.4 - https:\/\/yoast.com\/product\/yoast-seo-wordpress\/ -->\n<title>Eforea Run Club - eforea<\/title>\n<meta name=\"robots\" content=\"index, follow, max-snippet:-1, max-image-preview:large, max-video-preview:-1\" \/>\n<link rel=\"canonical\" href=\"https:\/\/eforeaspacostabella.com\/eforea-run-club\/\" \/>\n<meta property=\"og:locale\" content=\"hr_HR\" \/>\n<meta property=\"og:type\" content=\"article\" \/>\n<meta property=\"og:title\" content=\"Eforea Run Club - eforea\" \/>\n<meta property=\"og:description\" content=\"EFOREA RUN CLUB Pridru\u017eite nam se! Nova trka\u010dka zajednica u Rijeci! Eforea Spa &amp; Health Club predstavlja eforea Run Club: novi program osmi\u0161ljen za sve koji \u017eele unaprijediti svoju kondiciju, razviti pravilnu tehniku tr\u010danja i postati dio motiviraju\u0107e zajednice. Eforea Run Club razvijen je kao strukturiran i dugoro\u010dno odr\u017eiv koncept, koji spaja stru\u010dno vo\u0111enje, kontinuirani [&hellip;]\" \/>\n<meta property=\"og:url\" content=\"https:\/\/eforeaspacostabella.com\/eforea-run-club\/\" \/>\n<meta property=\"og:site_name\" content=\"eforea\" \/>\n<meta property=\"article:modified_time\" content=\"2026-04-21T07:43:22+00:00\" \/>\n<meta property=\"og:image\" content=\"https:\/\/eforeaspacostabella.com\/wp-content\/uploads\/2026\/04\/Eforea-Run-Club2.png\" \/>\n\t<meta property=\"og:image:width\" content=\"1920\" \/>\n\t<meta property=\"og:image:height\" content=\"1080\" \/>\n\t<meta property=\"og:image:type\" content=\"image\/png\" \/>\n<meta name=\"twitter:card\" content=\"summary_large_image\" \/>\n<meta name=\"twitter:label1\" content=\"Procijenjeno vrijeme \u010ditanja\" \/>\n\t<meta name=\"twitter:data1\" content=\"2 minute\" \/>\n<script type=\"application\/ld+json\" class=\"yoast-schema-graph\">{\"@context\":\"https:\\\/\\\/schema.org\",\"@graph\":[{\"@type\":\"WebPage\",\"@id\":\"https:\\\/\\\/eforeaspacostabella.com\\\/eforea-run-club\\\/\",\"url\":\"https:\\\/\\\/eforeaspacostabella.com\\\/eforea-run-club\\\/\",\"name\":\"Eforea Run Club - eforea\",\"isPartOf\":{\"@id\":\"https:\\\/\\\/eforeaspacostabella.com\\\/#website\"},\"primaryImageOfPage\":{\"@id\":\"https:\\\/\\\/eforeaspacostabella.com\\\/eforea-run-club\\\/#primaryimage\"},\"image\":{\"@id\":\"https:\\\/\\\/eforeaspacostabella.com\\\/eforea-run-club\\\/#primaryimage\"},\"thumbnailUrl\":\"https:\\\/\\\/eforeaspacostabella.com\\\/wp-content\\\/uploads\\\/2026\\\/04\\\/Eforea-Run-Club2-1024x576.png\",\"datePublished\":\"2026-04-01T18:08:19+00:00\",\"dateModified\":\"2026-04-21T07:43:22+00:00\",\"breadcrumb\":{\"@id\":\"https:\\\/\\\/eforeaspacostabella.com\\\/eforea-run-club\\\/#breadcrumb\"},\"inLanguage\":\"hr\",\"potentialAction\":[{\"@type\":\"ReadAction\",\"target\":[\"https:\\\/\\\/eforeaspacostabella.com\\\/eforea-run-club\\\/\"]}]},{\"@type\":\"ImageObject\",\"inLanguage\":\"hr\",\"@id\":\"https:\\\/\\\/eforeaspacostabella.com\\\/eforea-run-club\\\/#primaryimage\",\"url\":\"https:\\\/\\\/eforeaspacostabella.com\\\/wp-content\\\/uploads\\\/2026\\\/04\\\/Eforea-Run-Club2-1024x576.png\",\"contentUrl\":\"https:\\\/\\\/eforeaspacostabella.com\\\/wp-content\\\/uploads\\\/2026\\\/04\\\/Eforea-Run-Club2-1024x576.png\"},{\"@type\":\"BreadcrumbList\",\"@id\":\"https:\\\/\\\/eforeaspacostabella.com\\\/eforea-run-club\\\/#breadcrumb\",\"itemListElement\":[{\"@type\":\"ListItem\",\"position\":1,\"name\":\"Home\",\"item\":\"https:\\\/\\\/eforeaspacostabella.com\\\/\"},{\"@type\":\"ListItem\",\"position\":2,\"name\":\"Eforea Run Club\"}]},{\"@type\":\"WebSite\",\"@id\":\"https:\\\/\\\/eforeaspacostabella.com\\\/#website\",\"url\":\"https:\\\/\\\/eforeaspacostabella.com\\\/\",\"name\":\"eforea\",\"description\":\"Spa &amp; Health club\",\"potentialAction\":[{\"@type\":\"SearchAction\",\"target\":{\"@type\":\"EntryPoint\",\"urlTemplate\":\"https:\\\/\\\/eforeaspacostabella.com\\\/?s={search_term_string}\"},\"query-input\":{\"@type\":\"PropertyValueSpecification\",\"valueRequired\":true,\"valueName\":\"search_term_string\"}}],\"inLanguage\":\"hr\"}]}<\/script>\n<!-- \/ Yoast SEO plugin. -->","yoast_head_json":{"title":"Eforea Run Club - eforea","robots":{"index":"index","follow":"follow","max-snippet":"max-snippet:-1","max-image-preview":"max-image-preview:large","max-video-preview":"max-video-preview:-1"},"canonical":"https:\/\/eforeaspacostabella.com\/eforea-run-club\/","og_locale":"hr_HR","og_type":"article","og_title":"Eforea Run Club - eforea","og_description":"EFOREA RUN CLUB Pridru\u017eite nam se! Nova trka\u010dka zajednica u Rijeci! Eforea Spa &amp; Health Club predstavlja eforea Run Club: novi program osmi\u0161ljen za sve koji \u017eele unaprijediti svoju kondiciju, razviti pravilnu tehniku tr\u010danja i postati dio motiviraju\u0107e zajednice. Eforea Run Club razvijen je kao strukturiran i dugoro\u010dno odr\u017eiv koncept, koji spaja stru\u010dno vo\u0111enje, kontinuirani [&hellip;]","og_url":"https:\/\/eforeaspacostabella.com\/eforea-run-club\/","og_site_name":"eforea","article_modified_time":"2026-04-21T07:43:22+00:00","og_image":[{"width":1920,"height":1080,"url":"https:\/\/eforeaspacostabella.com\/wp-content\/uploads\/2026\/04\/Eforea-Run-Club2.png","type":"image\/png"}],"twitter_card":"summary_large_image","twitter_misc":{"Procijenjeno vrijeme \u010ditanja":"2 minute"},"schema":{"@context":"https:\/\/schema.org","@graph":[{"@type":"WebPage","@id":"https:\/\/eforeaspacostabella.com\/eforea-run-club\/","url":"https:\/\/eforeaspacostabella.com\/eforea-run-club\/","name":"Eforea Run Club - eforea","isPartOf":{"@id":"https:\/\/eforeaspacostabella.com\/#website"},"primaryImageOfPage":{"@id":"https:\/\/eforeaspacostabella.com\/eforea-run-club\/#primaryimage"},"image":{"@id":"https:\/\/eforeaspacostabella.com\/eforea-run-club\/#primaryimage"},"thumbnailUrl":"https:\/\/eforeaspacostabella.com\/wp-content\/uploads\/2026\/04\/Eforea-Run-Club2-1024x576.png","datePublished":"2026-04-01T18:08:19+00:00","dateModified":"2026-04-21T07:43:22+00:00","breadcrumb":{"@id":"https:\/\/eforeaspacostabella.com\/eforea-run-club\/#breadcrumb"},"inLanguage":"hr","potentialAction":[{"@type":"ReadAction","target":["https:\/\/eforeaspacostabella.com\/eforea-run-club\/"]}]},{"@type":"ImageObject","inLanguage":"hr","@id":"https:\/\/eforeaspacostabella.com\/eforea-run-club\/#primaryimage","url":"https:\/\/eforeaspacostabella.com\/wp-content\/uploads\/2026\/04\/Eforea-Run-Club2-1024x576.png","contentUrl":"https:\/\/eforeaspacostabella.com\/wp-content\/uploads\/2026\/04\/Eforea-Run-Club2-1024x576.png"},{"@type":"BreadcrumbList","@id":"https:\/\/eforeaspacostabella.com\/eforea-run-club\/#breadcrumb","itemListElement":[{"@type":"ListItem","position":1,"name":"Home","item":"https:\/\/eforeaspacostabella.com\/"},{"@type":"ListItem","position":2,"name":"Eforea Run Club"}]},{"@type":"WebSite","@id":"https:\/\/eforeaspacostabella.com\/#website","url":"https:\/\/eforeaspacostabella.com\/","name":"eforea","description":"Spa &amp; Health club","potentialAction":[{"@type":"SearchAction","target":{"@type":"EntryPoint","urlTemplate":"https:\/\/eforeaspacostabella.com\/?s={search_term_string}"},"query-input":{"@type":"PropertyValueSpecification","valueRequired":true,"valueName":"search_term_string"}}],"inLanguage":"hr"}]}},"_links":{"self":[{"href":"https:\/\/eforeaspacostabella.com\/hr\/wp-json\/wp\/v2\/pages\/3231","targetHints":{"allow":["GET"]}}],"collection":[{"href":"https:\/\/eforeaspacostabella.com\/hr\/wp-json\/wp\/v2\/pages"}],"about":[{"href":"https:\/\/eforeaspacostabella.com\/hr\/wp-json\/wp\/v2\/types\/page"}],"author":[{"embeddable":true,"href":"https:\/\/eforeaspacostabella.com\/hr\/wp-json\/wp\/v2\/users\/1"}],"replies":[{"embeddable":true,"href":"https:\/\/eforeaspacostabella.com\/hr\/wp-json\/wp\/v2\/comments?post=3231"}],"version-history":[{"count":23,"href":"https:\/\/eforeaspacostabella.com\/hr\/wp-json\/wp\/v2\/pages\/3231\/revisions"}],"predecessor-version":[{"id":3300,"href":"https:\/\/eforeaspacostabella.com\/hr\/wp-json\/wp\/v2\/pages\/3231\/revisions\/3300"}],"wp:attachment":[{"href":"https:\/\/eforeaspacostabella.com\/hr\/wp-json\/wp\/v2\/media?parent=3231"}],"curies":[{"name":"wp","href":"https:\/\/api.w.org\/{rel}","templated":true}]}}