{"id":2862,"date":"2025-10-06T14:47:39","date_gmt":"2025-10-06T12:47:39","guid":{"rendered":"https:\/\/eforeaspacostabella.com\/?page_id=2862"},"modified":"2025-10-06T14:52:09","modified_gmt":"2025-10-06T12:52:09","slug":"technogym-checkup","status":"publish","type":"page","link":"https:\/\/eforeaspacostabella.com\/hr\/technogym-checkup\/","title":{"rendered":"Technogym Checkup"},"content":{"rendered":"\t\t<div data-elementor-type=\"wp-page\" data-elementor-id=\"2862\" class=\"elementor elementor-2862 elementor-2861\" data-elementor-post-type=\"page\">\n\t\t\t\t\t\t<section class=\"elementor-section elementor-top-section elementor-element elementor-element-b99611f elementor-section-height-min-height elementor-section-boxed elementor-section-height-default elementor-section-items-middle elementor-invisible\" data-id=\"b99611f\" data-element_type=\"section\" data-e-type=\"section\" data-settings=\"{&quot;background_background&quot;:&quot;classic&quot;,&quot;animation&quot;:&quot;fadeInDown&quot;}\">\n\t\t\t\t\t\t\t<div class=\"elementor-background-overlay\"><\/div>\n\t\t\t\t\t\t\t<div class=\"elementor-container elementor-column-gap-default\">\n\t\t\t\t\t<div class=\"elementor-column elementor-col-100 elementor-top-column elementor-element elementor-element-645fb5f\" data-id=\"645fb5f\" data-element_type=\"column\" data-e-type=\"column\" data-settings=\"{&quot;background_background&quot;:&quot;classic&quot;}\">\n\t\t\t<div class=\"elementor-widget-wrap elementor-element-populated\">\n\t\t\t\t\t\t<div class=\"elementor-element elementor-element-9c727c8 bluerBtn1 elementor-invisible elementor-widget elementor-widget-heading\" data-id=\"9c727c8\" data-element_type=\"widget\" data-e-type=\"widget\" data-settings=\"{&quot;_animation&quot;:&quot;fadeInDown&quot;,&quot;_animation_delay&quot;:500}\" data-widget_type=\"heading.default\">\n\t\t\t\t<div class=\"elementor-widget-container\">\n\t\t\t\t\t<h1 class=\"elementor-heading-title elementor-size-default\">Technogym Checkup<\/h1>\t\t\t\t<\/div>\n\t\t\t\t<\/div>\n\t\t\t\t\t<\/div>\n\t\t<\/div>\n\t\t\t\t\t<\/div>\n\t\t<\/section>\n\t\t\t\t<section class=\"elementor-section elementor-top-section elementor-element elementor-element-4164bc4 elementor-section-boxed elementor-section-height-default elementor-section-height-default\" data-id=\"4164bc4\" data-element_type=\"section\" data-e-type=\"section\">\n\t\t\t\t\t\t<div class=\"elementor-container elementor-column-gap-default\">\n\t\t\t\t\t<div class=\"elementor-column elementor-col-100 elementor-top-column elementor-element elementor-element-7c12f4c\" data-id=\"7c12f4c\" data-element_type=\"column\" data-e-type=\"column\">\n\t\t\t<div class=\"elementor-widget-wrap\">\n\t\t\t\t\t\t\t<\/div>\n\t\t<\/div>\n\t\t\t\t\t<\/div>\n\t\t<\/section>\n\t\t\t\t<section class=\"elementor-section elementor-top-section elementor-element elementor-element-7034ec4 elementor-section-full_width elementor-section-height-default elementor-section-height-default\" data-id=\"7034ec4\" data-element_type=\"section\" data-e-type=\"section\">\n\t\t\t\t\t\t<div class=\"elementor-container elementor-column-gap-default\">\n\t\t\t\t\t<div class=\"elementor-column elementor-col-100 elementor-top-column elementor-element elementor-element-9f30824\" data-id=\"9f30824\" data-element_type=\"column\" data-e-type=\"column\">\n\t\t\t<div class=\"elementor-widget-wrap\">\n\t\t\t\t\t\t\t<\/div>\n\t\t<\/div>\n\t\t\t\t\t<\/div>\n\t\t<\/section>\n\t\t\t\t<section class=\"elementor-section elementor-top-section elementor-element elementor-element-eb447b4 elementor-section-boxed elementor-section-height-default elementor-section-height-default\" data-id=\"eb447b4\" data-element_type=\"section\" data-e-type=\"section\" data-settings=\"{&quot;background_background&quot;:&quot;classic&quot;}\">\n\t\t\t\t\t\t<div class=\"elementor-container elementor-column-gap-default\">\n\t\t\t\t\t<div class=\"elementor-column elementor-col-100 elementor-top-column elementor-element elementor-element-916d2a8\" data-id=\"916d2a8\" data-element_type=\"column\" data-e-type=\"column\">\n\t\t\t<div class=\"elementor-widget-wrap elementor-element-populated\">\n\t\t\t\t\t\t<div class=\"elementor-element elementor-element-9c00ddc elementor-widget elementor-widget-text-editor\" data-id=\"9c00ddc\" data-element_type=\"widget\" data-e-type=\"widget\" data-widget_type=\"text-editor.default\">\n\t\t\t\t<div class=\"elementor-widget-container\">\n\t\t\t\t\t\t\t\t\t<strong style=\"color: #7ba4bd;\">Prati napredak, svoje tijelo i postavi\nciljeve uz najnapredniju pametnu vagu na tr\u017ei\u0161tu.\n<\/strong>\t\t\t\t\t\t\t\t<\/div>\n\t\t\t\t<\/div>\n\t\t\t\t<div class=\"elementor-element elementor-element-aa2c71f elementor-widget elementor-widget-image\" data-id=\"aa2c71f\" data-element_type=\"widget\" data-e-type=\"widget\" data-widget_type=\"image.default\">\n\t\t\t\t<div class=\"elementor-widget-container\">\n\t\t\t\t\t\t\t\t\t\t\t\t\t\t\t<img fetchpriority=\"high\" decoding=\"async\" width=\"1920\" height=\"1080\" src=\"https:\/\/eforeaspacostabella.com\/wp-content\/uploads\/2025\/10\/SLIKA-1.png\" class=\"attachment-full size-full wp-image-2868\" alt=\"\" srcset=\"https:\/\/eforeaspacostabella.com\/wp-content\/uploads\/2025\/10\/SLIKA-1.png 1920w, https:\/\/eforeaspacostabella.com\/wp-content\/uploads\/2025\/10\/SLIKA-1-300x169.png 300w, https:\/\/eforeaspacostabella.com\/wp-content\/uploads\/2025\/10\/SLIKA-1-1024x576.png 1024w, https:\/\/eforeaspacostabella.com\/wp-content\/uploads\/2025\/10\/SLIKA-1-768x432.png 768w, https:\/\/eforeaspacostabella.com\/wp-content\/uploads\/2025\/10\/SLIKA-1-1536x864.png 1536w\" sizes=\"(max-width: 1920px) 100vw, 1920px\" \/>\t\t\t\t\t\t\t\t\t\t\t\t\t\t\t<\/div>\n\t\t\t\t<\/div>\n\t\t\t\t<section class=\"elementor-section elementor-inner-section elementor-element elementor-element-9281408 elementor-section-height-min-height elementor-section-boxed elementor-section-height-default\" data-id=\"9281408\" data-element_type=\"section\" data-e-type=\"section\">\n\t\t\t\t\t\t<div class=\"elementor-container elementor-column-gap-no\">\n\t\t\t\t\t<div class=\"elementor-column elementor-col-50 elementor-inner-column elementor-element elementor-element-73d64d1\" data-id=\"73d64d1\" data-element_type=\"column\" data-e-type=\"column\" data-settings=\"{&quot;background_background&quot;:&quot;classic&quot;}\">\n\t\t\t<div class=\"elementor-widget-wrap elementor-element-populated\">\n\t\t\t\t\t\t<section class=\"elementor-section elementor-inner-section elementor-element elementor-element-f32a98b elementor-section-height-min-height elementor-section-boxed elementor-section-height-default\" data-id=\"f32a98b\" data-element_type=\"section\" data-e-type=\"section\">\n\t\t\t\t\t\t<div class=\"elementor-container elementor-column-gap-default\">\n\t\t\t\t\t<div class=\"elementor-column elementor-col-100 elementor-inner-column elementor-element elementor-element-f7b6d78\" data-id=\"f7b6d78\" data-element_type=\"column\" data-e-type=\"column\">\n\t\t\t<div class=\"elementor-widget-wrap\">\n\t\t\t\t\t\t\t<\/div>\n\t\t<\/div>\n\t\t\t\t\t<\/div>\n\t\t<\/section>\n\t\t\t\t\t<\/div>\n\t\t<\/div>\n\t\t\t\t<div class=\"elementor-column elementor-col-50 elementor-inner-column elementor-element elementor-element-450cb77\" data-id=\"450cb77\" data-element_type=\"column\" data-e-type=\"column\" data-settings=\"{&quot;background_background&quot;:&quot;classic&quot;}\">\n\t\t\t<div class=\"elementor-widget-wrap elementor-element-populated\">\n\t\t\t\t\t\t<div class=\"elementor-element elementor-element-4c8d0ec elementor-widget elementor-widget-heading\" data-id=\"4c8d0ec\" data-element_type=\"widget\" data-e-type=\"widget\" data-widget_type=\"heading.default\">\n\t\t\t\t<div class=\"elementor-widget-container\">\n\t\t\t\t\t<h2 class=\"elementor-heading-title elementor-size-default\">\u0160to je Technogym Checkup?<\/h2>\t\t\t\t<\/div>\n\t\t\t\t<\/div>\n\t\t\t\t<div class=\"elementor-element elementor-element-475d8c7 elementor-widget__width-initial elementor-widget elementor-widget-text-editor\" data-id=\"475d8c7\" data-element_type=\"widget\" data-e-type=\"widget\" data-widget_type=\"text-editor.default\">\n\t\t\t\t<div class=\"elementor-widget-container\">\n\t\t\t\t\t\t\t\t\t<p>Technogym Checkup je inovativan alat koji mjeri i analizira tvoje klju\u010dne tjelesne parametre.<\/p><p>U nekoliko sekundi dobiva\u0161 podatke koji ti poma\u017eu da bolje razumije\u0161 svoje tijelo i u\u010dinkovitije prati\u0161 napredak.<\/p>\t\t\t\t\t\t\t\t<\/div>\n\t\t\t\t<\/div>\n\t\t\t\t\t<\/div>\n\t\t<\/div>\n\t\t\t\t\t<\/div>\n\t\t<\/section>\n\t\t\t\t<section class=\"elementor-section elementor-inner-section elementor-element elementor-element-485cda0 elementor-section-height-min-height elementor-reverse-tablet elementor-reverse-mobile elementor-section-boxed elementor-section-height-default\" data-id=\"485cda0\" data-element_type=\"section\" data-e-type=\"section\">\n\t\t\t\t\t\t<div class=\"elementor-container elementor-column-gap-no\">\n\t\t\t\t\t<div class=\"elementor-column elementor-col-50 elementor-inner-column elementor-element elementor-element-bf84eff\" data-id=\"bf84eff\" data-element_type=\"column\" data-e-type=\"column\" data-settings=\"{&quot;background_background&quot;:&quot;classic&quot;}\">\n\t\t\t<div class=\"elementor-widget-wrap elementor-element-populated\">\n\t\t\t\t\t\t<div class=\"elementor-element elementor-element-5000bb4 elementor-widget elementor-widget-heading\" data-id=\"5000bb4\" data-element_type=\"widget\" data-e-type=\"widget\" data-widget_type=\"heading.default\">\n\t\t\t\t<div class=\"elementor-widget-container\">\n\t\t\t\t\t<h2 class=\"elementor-heading-title elementor-size-default\">\u0160to mjeri i prati?<\/h2>\t\t\t\t<\/div>\n\t\t\t\t<\/div>\n\t\t\t\t<div class=\"elementor-element elementor-element-0bd27dc elementor-widget elementor-widget-text-editor\" data-id=\"0bd27dc\" data-element_type=\"widget\" data-e-type=\"widget\" data-widget_type=\"text-editor.default\">\n\t\t\t\t<div class=\"elementor-widget-container\">\n\t\t\t\t\t\t\t\t\t<ul><li>Tjelesnu masu i sastav tijela (mi\u0161i\u0107i, masno tkivo, voda)<\/li><li>Indeks tjelesne mase (BMI)<\/li><li>Metabolizam i napredak kroz vrijeme<\/li><li>Klju\u010dne pokazatelje zdravlja i kondicije<\/li><\/ul>\t\t\t\t\t\t\t\t<\/div>\n\t\t\t\t<\/div>\n\t\t\t\t\t<\/div>\n\t\t<\/div>\n\t\t\t\t<div class=\"elementor-column elementor-col-50 elementor-inner-column elementor-element elementor-element-4e0b942\" data-id=\"4e0b942\" data-element_type=\"column\" data-e-type=\"column\" data-settings=\"{&quot;background_background&quot;:&quot;classic&quot;}\">\n\t\t\t<div class=\"elementor-widget-wrap elementor-element-populated\">\n\t\t\t\t\t\t<section class=\"elementor-section elementor-inner-section elementor-element elementor-element-ec63141 elementor-section-height-min-height elementor-section-boxed elementor-section-height-default\" data-id=\"ec63141\" data-element_type=\"section\" data-e-type=\"section\">\n\t\t\t\t\t\t<div class=\"elementor-container elementor-column-gap-default\">\n\t\t\t\t\t<div class=\"elementor-column elementor-col-100 elementor-inner-column elementor-element elementor-element-dd1f0bf\" data-id=\"dd1f0bf\" data-element_type=\"column\" data-e-type=\"column\">\n\t\t\t<div class=\"elementor-widget-wrap\">\n\t\t\t\t\t\t\t<\/div>\n\t\t<\/div>\n\t\t\t\t\t<\/div>\n\t\t<\/section>\n\t\t\t\t\t<\/div>\n\t\t<\/div>\n\t\t\t\t\t<\/div>\n\t\t<\/section>\n\t\t\t\t<section class=\"elementor-section elementor-inner-section elementor-element elementor-element-5c37382 elementor-section-height-min-height elementor-section-boxed elementor-section-height-default\" data-id=\"5c37382\" data-element_type=\"section\" data-e-type=\"section\">\n\t\t\t\t\t\t<div class=\"elementor-container elementor-column-gap-no\">\n\t\t\t\t\t<div class=\"elementor-column elementor-col-50 elementor-inner-column elementor-element elementor-element-cfe60b0\" data-id=\"cfe60b0\" data-element_type=\"column\" data-e-type=\"column\" data-settings=\"{&quot;background_background&quot;:&quot;classic&quot;}\">\n\t\t\t<div class=\"elementor-widget-wrap elementor-element-populated\">\n\t\t\t\t\t\t<section class=\"elementor-section elementor-inner-section elementor-element elementor-element-e23b6a9 elementor-section-height-min-height elementor-section-boxed elementor-section-height-default\" data-id=\"e23b6a9\" data-element_type=\"section\" data-e-type=\"section\">\n\t\t\t\t\t\t<div class=\"elementor-container elementor-column-gap-default\">\n\t\t\t\t\t<div class=\"elementor-column elementor-col-100 elementor-inner-column elementor-element elementor-element-0eadb52\" data-id=\"0eadb52\" data-element_type=\"column\" data-e-type=\"column\">\n\t\t\t<div class=\"elementor-widget-wrap\">\n\t\t\t\t\t\t\t<\/div>\n\t\t<\/div>\n\t\t\t\t\t<\/div>\n\t\t<\/section>\n\t\t\t\t\t<\/div>\n\t\t<\/div>\n\t\t\t\t<div class=\"elementor-column elementor-col-50 elementor-inner-column elementor-element elementor-element-c4d4231\" data-id=\"c4d4231\" data-element_type=\"column\" data-e-type=\"column\" data-settings=\"{&quot;background_background&quot;:&quot;classic&quot;}\">\n\t\t\t<div class=\"elementor-widget-wrap elementor-element-populated\">\n\t\t\t\t\t\t<div class=\"elementor-element elementor-element-a21ebe7 elementor-widget elementor-widget-heading\" data-id=\"a21ebe7\" data-element_type=\"widget\" data-e-type=\"widget\" data-widget_type=\"heading.default\">\n\t\t\t\t<div class=\"elementor-widget-container\">\n\t\t\t\t\t<h2 class=\"elementor-heading-title elementor-size-default\">Za\u0161to koristiti?<\/h2>\t\t\t\t<\/div>\n\t\t\t\t<\/div>\n\t\t\t\t<div class=\"elementor-element elementor-element-d8ee3e3 elementor-widget elementor-widget-text-editor\" data-id=\"d8ee3e3\" data-element_type=\"widget\" data-e-type=\"widget\" data-widget_type=\"text-editor.default\">\n\t\t\t\t<div class=\"elementor-widget-container\">\n\t\t\t\t\t\t\t\t\t<p>\u2714 To\u010dne i detaljne analize \u2013 pouzdani podaci na dohvat ruke<\/p><p>\u2714 Personalizirani pristup \u2013 treneri u eforei koriste rezultate za izradu tvojeg plana<\/p><p>\u2714 Pra\u0107enje kroz vrijeme \u2013 vidi jasne pomake i motiviraj se stvarnim brojkama<\/p><p>\u2714 Integracija s Technogym sustavom \u2013 tvoj napredak povezan s treninzima i aplikacijama<\/p>\t\t\t\t\t\t\t\t<\/div>\n\t\t\t\t<\/div>\n\t\t\t\t\t<\/div>\n\t\t<\/div>\n\t\t\t\t\t<\/div>\n\t\t<\/section>\n\t\t\t\t<section class=\"elementor-section elementor-inner-section elementor-element elementor-element-c207634 elementor-section-height-min-height elementor-reverse-tablet elementor-reverse-mobile elementor-section-boxed elementor-section-height-default\" data-id=\"c207634\" data-element_type=\"section\" data-e-type=\"section\">\n\t\t\t\t\t\t<div class=\"elementor-container elementor-column-gap-no\">\n\t\t\t\t\t<div class=\"elementor-column elementor-col-50 elementor-inner-column elementor-element elementor-element-3992d08\" data-id=\"3992d08\" data-element_type=\"column\" data-e-type=\"column\" data-settings=\"{&quot;background_background&quot;:&quot;classic&quot;}\">\n\t\t\t<div class=\"elementor-widget-wrap elementor-element-populated\">\n\t\t\t\t\t\t<div class=\"elementor-element elementor-element-b4f02a9 elementor-widget elementor-widget-heading\" data-id=\"b4f02a9\" data-element_type=\"widget\" data-e-type=\"widget\" data-widget_type=\"heading.default\">\n\t\t\t\t<div class=\"elementor-widget-container\">\n\t\t\t\t\t<h2 class=\"elementor-heading-title elementor-size-default\">\u0160to je uklju\u010deno?<\/h2>\t\t\t\t<\/div>\n\t\t\t\t<\/div>\n\t\t\t\t<div class=\"elementor-element elementor-element-d6c5c8b elementor-widget elementor-widget-text-editor\" data-id=\"d6c5c8b\" data-element_type=\"widget\" data-e-type=\"widget\" data-widget_type=\"text-editor.default\">\n\t\t\t\t<div class=\"elementor-widget-container\">\n\t\t\t\t\t\t\t\t\t<ul><li>Personalizirano mjerenje i stru\u010dna podr\u0161ka na\u0161ih certificiranih trenera.<\/li><li>Nakon mjerenja prolazi\u0161 kroz rezultate zajedno s trenerom.<\/li><li>Na temelju rezultata dobit \u0107e\u0161 preporuku programa i vrsta treninga koje najbolje odgovaraju tvojim ciljevima<\/li><li>Svi rezultati integriraju se u tvoj Mywellness ra\u010dun, \u010dime se tvoje \u010dlanstvo i plan vje\u017ebanja pretvaraju u personalizirani program<\/li><\/ul>\t\t\t\t\t\t\t\t<\/div>\n\t\t\t\t<\/div>\n\t\t\t\t\t<\/div>\n\t\t<\/div>\n\t\t\t\t<div class=\"elementor-column elementor-col-50 elementor-inner-column elementor-element elementor-element-e13abb0\" data-id=\"e13abb0\" data-element_type=\"column\" data-e-type=\"column\" data-settings=\"{&quot;background_background&quot;:&quot;classic&quot;}\">\n\t\t\t<div class=\"elementor-widget-wrap elementor-element-populated\">\n\t\t\t\t\t\t<section class=\"elementor-section elementor-inner-section elementor-element elementor-element-e8cd72c elementor-section-height-min-height elementor-section-boxed elementor-section-height-default\" data-id=\"e8cd72c\" data-element_type=\"section\" data-e-type=\"section\">\n\t\t\t\t\t\t<div class=\"elementor-container elementor-column-gap-default\">\n\t\t\t\t\t<div class=\"elementor-column elementor-col-100 elementor-inner-column elementor-element elementor-element-112aa40\" data-id=\"112aa40\" data-element_type=\"column\" data-e-type=\"column\">\n\t\t\t<div class=\"elementor-widget-wrap\">\n\t\t\t\t\t\t\t<\/div>\n\t\t<\/div>\n\t\t\t\t\t<\/div>\n\t\t<\/section>\n\t\t\t\t\t<\/div>\n\t\t<\/div>\n\t\t\t\t\t<\/div>\n\t\t<\/section>\n\t\t\t\t\t<\/div>\n\t\t<\/div>\n\t\t\t\t\t<\/div>\n\t\t<\/section>\n\t\t\t\t<section class=\"elementor-section elementor-top-section elementor-element elementor-element-da9e7e0 elementor-section-boxed elementor-section-height-default elementor-section-height-default\" data-id=\"da9e7e0\" data-element_type=\"section\" data-e-type=\"section\">\n\t\t\t\t\t\t<div class=\"elementor-container elementor-column-gap-default\">\n\t\t\t\t\t<div class=\"elementor-column elementor-col-100 elementor-top-column elementor-element elementor-element-ec6b85d\" data-id=\"ec6b85d\" data-element_type=\"column\" data-e-type=\"column\">\n\t\t\t<div class=\"elementor-widget-wrap elementor-element-populated\">\n\t\t\t\t\t\t<div class=\"elementor-element elementor-element-697826d elementor-widget elementor-widget-heading\" data-id=\"697826d\" data-element_type=\"widget\" data-e-type=\"widget\" data-widget_type=\"heading.default\">\n\t\t\t\t<div class=\"elementor-widget-container\">\n\t\t\t\t\t<h2 class=\"elementor-heading-title elementor-size-default\"><strong style=\"color: #7ba4bd\">Rezerviraj Technogym Checkup mjerenje <br>u Eforei ili nas nazovi na <a href=\"tel:+38551600163\">+385 51 600 163<\/a><\/strong><\/h2>\t\t\t\t<\/div>\n\t\t\t\t<\/div>\n\t\t\t\t\t<\/div>\n\t\t<\/div>\n\t\t\t\t\t<\/div>\n\t\t<\/section>\n\t\t\t\t<\/div>\n\t\t","protected":false},"excerpt":{"rendered":"<p>Technogym Checkup Prati napredak, svoje tijelo i postavi ciljeve uz najnapredniju pametnu vagu na tr\u017ei\u0161tu. \u0160to je Technogym Checkup? Technogym Checkup je inovativan alat koji mjeri i analizira tvoje klju\u010dne tjelesne parametre. U nekoliko sekundi dobiva\u0161 podatke koji ti poma\u017eu da bolje razumije\u0161 svoje tijelo i u\u010dinkovitije prati\u0161 napredak. \u0160to mjeri i prati? Tjelesnu masu [&hellip;]<\/p>\n","protected":false},"author":1,"featured_media":0,"parent":0,"menu_order":0,"comment_status":"closed","ping_status":"closed","template":"elementor_header_footer","meta":{"inline_featured_image":false,"footnotes":""},"class_list":["post-2862","page","type-page","status-publish","hentry"],"yoast_head":"<!-- This site is optimized with the Yoast SEO plugin v27.3 - https:\/\/yoast.com\/product\/yoast-seo-wordpress\/ -->\n<title>Technogym Checkup - eforea<\/title>\n<meta name=\"robots\" content=\"index, follow, max-snippet:-1, max-image-preview:large, max-video-preview:-1\" \/>\n<link rel=\"canonical\" href=\"https:\/\/eforeaspacostabella.com\/hr\/technogym-checkup\/\" \/>\n<meta property=\"og:locale\" content=\"hr_HR\" \/>\n<meta property=\"og:type\" content=\"article\" \/>\n<meta property=\"og:title\" content=\"Technogym Checkup - eforea\" \/>\n<meta property=\"og:description\" content=\"Technogym Checkup Prati napredak, svoje tijelo i postavi ciljeve uz najnapredniju pametnu vagu na tr\u017ei\u0161tu. \u0160to je Technogym Checkup? Technogym Checkup je inovativan alat koji mjeri i analizira tvoje klju\u010dne tjelesne parametre. U nekoliko sekundi dobiva\u0161 podatke koji ti poma\u017eu da bolje razumije\u0161 svoje tijelo i u\u010dinkovitije prati\u0161 napredak. \u0160to mjeri i prati? Tjelesnu masu [&hellip;]\" \/>\n<meta property=\"og:url\" content=\"https:\/\/eforeaspacostabella.com\/hr\/technogym-checkup\/\" \/>\n<meta property=\"og:site_name\" content=\"eforea\" \/>\n<meta property=\"article:modified_time\" content=\"2025-10-06T12:52:09+00:00\" \/>\n<meta property=\"og:image\" content=\"https:\/\/eforeaspacostabella.com\/wp-content\/uploads\/2025\/10\/SLIKA-1.png\" \/>\n\t<meta property=\"og:image:width\" content=\"1920\" \/>\n\t<meta property=\"og:image:height\" content=\"1080\" \/>\n\t<meta property=\"og:image:type\" content=\"image\/png\" \/>\n<meta name=\"twitter:card\" content=\"summary_large_image\" \/>\n<meta name=\"twitter:label1\" content=\"Procijenjeno vrijeme \u010ditanja\" \/>\n\t<meta name=\"twitter:data1\" content=\"2 minute\" \/>\n<script type=\"application\/ld+json\" class=\"yoast-schema-graph\">{\"@context\":\"https:\\\/\\\/schema.org\",\"@graph\":[{\"@type\":\"WebPage\",\"@id\":\"https:\\\/\\\/eforeaspacostabella.com\\\/hr\\\/technogym-checkup\\\/\",\"url\":\"https:\\\/\\\/eforeaspacostabella.com\\\/hr\\\/technogym-checkup\\\/\",\"name\":\"Technogym Checkup - eforea\",\"isPartOf\":{\"@id\":\"https:\\\/\\\/eforeaspacostabella.com\\\/#website\"},\"primaryImageOfPage\":{\"@id\":\"https:\\\/\\\/eforeaspacostabella.com\\\/hr\\\/technogym-checkup\\\/#primaryimage\"},\"image\":{\"@id\":\"https:\\\/\\\/eforeaspacostabella.com\\\/hr\\\/technogym-checkup\\\/#primaryimage\"},\"thumbnailUrl\":\"https:\\\/\\\/eforeaspacostabella.com\\\/wp-content\\\/uploads\\\/2025\\\/10\\\/SLIKA-1.png\",\"datePublished\":\"2025-10-06T12:47:39+00:00\",\"dateModified\":\"2025-10-06T12:52:09+00:00\",\"breadcrumb\":{\"@id\":\"https:\\\/\\\/eforeaspacostabella.com\\\/hr\\\/technogym-checkup\\\/#breadcrumb\"},\"inLanguage\":\"hr\",\"potentialAction\":[{\"@type\":\"ReadAction\",\"target\":[\"https:\\\/\\\/eforeaspacostabella.com\\\/hr\\\/technogym-checkup\\\/\"]}]},{\"@type\":\"ImageObject\",\"inLanguage\":\"hr\",\"@id\":\"https:\\\/\\\/eforeaspacostabella.com\\\/hr\\\/technogym-checkup\\\/#primaryimage\",\"url\":\"https:\\\/\\\/eforeaspacostabella.com\\\/wp-content\\\/uploads\\\/2025\\\/10\\\/SLIKA-1.png\",\"contentUrl\":\"https:\\\/\\\/eforeaspacostabella.com\\\/wp-content\\\/uploads\\\/2025\\\/10\\\/SLIKA-1.png\"},{\"@type\":\"BreadcrumbList\",\"@id\":\"https:\\\/\\\/eforeaspacostabella.com\\\/hr\\\/technogym-checkup\\\/#breadcrumb\",\"itemListElement\":[{\"@type\":\"ListItem\",\"position\":1,\"name\":\"Home\",\"item\":\"https:\\\/\\\/eforeaspacostabella.com\\\/\"},{\"@type\":\"ListItem\",\"position\":2,\"name\":\"Technogym Checkup\"}]},{\"@type\":\"WebSite\",\"@id\":\"https:\\\/\\\/eforeaspacostabella.com\\\/#website\",\"url\":\"https:\\\/\\\/eforeaspacostabella.com\\\/\",\"name\":\"eforea\",\"description\":\"Spa &amp; Health club\",\"potentialAction\":[{\"@type\":\"SearchAction\",\"target\":{\"@type\":\"EntryPoint\",\"urlTemplate\":\"https:\\\/\\\/eforeaspacostabella.com\\\/?s={search_term_string}\"},\"query-input\":{\"@type\":\"PropertyValueSpecification\",\"valueRequired\":true,\"valueName\":\"search_term_string\"}}],\"inLanguage\":\"hr\"}]}<\/script>\n<!-- \/ Yoast SEO plugin. -->","yoast_head_json":{"title":"Technogym Checkup - eforea","robots":{"index":"index","follow":"follow","max-snippet":"max-snippet:-1","max-image-preview":"max-image-preview:large","max-video-preview":"max-video-preview:-1"},"canonical":"https:\/\/eforeaspacostabella.com\/hr\/technogym-checkup\/","og_locale":"hr_HR","og_type":"article","og_title":"Technogym Checkup - eforea","og_description":"Technogym Checkup Prati napredak, svoje tijelo i postavi ciljeve uz najnapredniju pametnu vagu na tr\u017ei\u0161tu. \u0160to je Technogym Checkup? Technogym Checkup je inovativan alat koji mjeri i analizira tvoje klju\u010dne tjelesne parametre. U nekoliko sekundi dobiva\u0161 podatke koji ti poma\u017eu da bolje razumije\u0161 svoje tijelo i u\u010dinkovitije prati\u0161 napredak. \u0160to mjeri i prati? Tjelesnu masu [&hellip;]","og_url":"https:\/\/eforeaspacostabella.com\/hr\/technogym-checkup\/","og_site_name":"eforea","article_modified_time":"2025-10-06T12:52:09+00:00","og_image":[{"width":1920,"height":1080,"url":"https:\/\/eforeaspacostabella.com\/wp-content\/uploads\/2025\/10\/SLIKA-1.png","type":"image\/png"}],"twitter_card":"summary_large_image","twitter_misc":{"Procijenjeno vrijeme \u010ditanja":"2 minute"},"schema":{"@context":"https:\/\/schema.org","@graph":[{"@type":"WebPage","@id":"https:\/\/eforeaspacostabella.com\/hr\/technogym-checkup\/","url":"https:\/\/eforeaspacostabella.com\/hr\/technogym-checkup\/","name":"Technogym Checkup - eforea","isPartOf":{"@id":"https:\/\/eforeaspacostabella.com\/#website"},"primaryImageOfPage":{"@id":"https:\/\/eforeaspacostabella.com\/hr\/technogym-checkup\/#primaryimage"},"image":{"@id":"https:\/\/eforeaspacostabella.com\/hr\/technogym-checkup\/#primaryimage"},"thumbnailUrl":"https:\/\/eforeaspacostabella.com\/wp-content\/uploads\/2025\/10\/SLIKA-1.png","datePublished":"2025-10-06T12:47:39+00:00","dateModified":"2025-10-06T12:52:09+00:00","breadcrumb":{"@id":"https:\/\/eforeaspacostabella.com\/hr\/technogym-checkup\/#breadcrumb"},"inLanguage":"hr","potentialAction":[{"@type":"ReadAction","target":["https:\/\/eforeaspacostabella.com\/hr\/technogym-checkup\/"]}]},{"@type":"ImageObject","inLanguage":"hr","@id":"https:\/\/eforeaspacostabella.com\/hr\/technogym-checkup\/#primaryimage","url":"https:\/\/eforeaspacostabella.com\/wp-content\/uploads\/2025\/10\/SLIKA-1.png","contentUrl":"https:\/\/eforeaspacostabella.com\/wp-content\/uploads\/2025\/10\/SLIKA-1.png"},{"@type":"BreadcrumbList","@id":"https:\/\/eforeaspacostabella.com\/hr\/technogym-checkup\/#breadcrumb","itemListElement":[{"@type":"ListItem","position":1,"name":"Home","item":"https:\/\/eforeaspacostabella.com\/"},{"@type":"ListItem","position":2,"name":"Technogym Checkup"}]},{"@type":"WebSite","@id":"https:\/\/eforeaspacostabella.com\/#website","url":"https:\/\/eforeaspacostabella.com\/","name":"eforea","description":"Spa &amp; Health club","potentialAction":[{"@type":"SearchAction","target":{"@type":"EntryPoint","urlTemplate":"https:\/\/eforeaspacostabella.com\/?s={search_term_string}"},"query-input":{"@type":"PropertyValueSpecification","valueRequired":true,"valueName":"search_term_string"}}],"inLanguage":"hr"}]}},"_links":{"self":[{"href":"https:\/\/eforeaspacostabella.com\/hr\/wp-json\/wp\/v2\/pages\/2862","targetHints":{"allow":["GET"]}}],"collection":[{"href":"https:\/\/eforeaspacostabella.com\/hr\/wp-json\/wp\/v2\/pages"}],"about":[{"href":"https:\/\/eforeaspacostabella.com\/hr\/wp-json\/wp\/v2\/types\/page"}],"author":[{"embeddable":true,"href":"https:\/\/eforeaspacostabella.com\/hr\/wp-json\/wp\/v2\/users\/1"}],"replies":[{"embeddable":true,"href":"https:\/\/eforeaspacostabella.com\/hr\/wp-json\/wp\/v2\/comments?post=2862"}],"version-history":[{"count":14,"href":"https:\/\/eforeaspacostabella.com\/hr\/wp-json\/wp\/v2\/pages\/2862\/revisions"}],"predecessor-version":[{"id":2916,"href":"https:\/\/eforeaspacostabella.com\/hr\/wp-json\/wp\/v2\/pages\/2862\/revisions\/2916"}],"wp:attachment":[{"href":"https:\/\/eforeaspacostabella.com\/hr\/wp-json\/wp\/v2\/media?parent=2862"}],"curies":[{"name":"wp","href":"https:\/\/api.w.org\/{rel}","templated":true}]}}