{"id":1145,"date":"2021-04-30T09:35:42","date_gmt":"2021-04-30T07:35:42","guid":{"rendered":"https:\/\/eforeaspacostabella.com\/membership\/"},"modified":"2025-09-12T20:33:27","modified_gmt":"2025-09-12T18:33:27","slug":"membership","status":"publish","type":"page","link":"https:\/\/eforeaspacostabella.com\/hr\/membership\/","title":{"rendered":"\u010clanstvo"},"content":{"rendered":"\t\t<div data-elementor-type=\"wp-page\" data-elementor-id=\"1145\" class=\"elementor elementor-1145 elementor-535\" data-elementor-post-type=\"page\">\n\t\t\t\t\t\t<section class=\"elementor-section elementor-top-section elementor-element elementor-element-7c09d8d elementor-section-height-min-height elementor-section-boxed elementor-section-height-default elementor-section-items-middle elementor-invisible\" data-id=\"7c09d8d\" data-element_type=\"section\" data-e-type=\"section\" data-settings=\"{&quot;background_background&quot;:&quot;classic&quot;,&quot;animation&quot;:&quot;fadeInDown&quot;}\">\n\t\t\t\t\t\t\t<div class=\"elementor-background-overlay\"><\/div>\n\t\t\t\t\t\t\t<div class=\"elementor-container elementor-column-gap-default\">\n\t\t\t\t\t<div class=\"elementor-column elementor-col-100 elementor-top-column elementor-element elementor-element-77b809d\" data-id=\"77b809d\" data-element_type=\"column\" data-e-type=\"column\" data-settings=\"{&quot;background_background&quot;:&quot;classic&quot;}\">\n\t\t\t<div class=\"elementor-widget-wrap elementor-element-populated\">\n\t\t\t\t\t\t<div class=\"elementor-element elementor-element-4122729 bluerBtn1 elementor-invisible elementor-widget elementor-widget-heading\" data-id=\"4122729\" data-element_type=\"widget\" data-e-type=\"widget\" data-settings=\"{&quot;_animation&quot;:&quot;fadeInDown&quot;,&quot;_animation_delay&quot;:500}\" data-widget_type=\"heading.default\">\n\t\t\t\t<div class=\"elementor-widget-container\">\n\t\t\t\t\t<h1 class=\"elementor-heading-title elementor-size-default\">\u010dlanstvo<\/h1>\t\t\t\t<\/div>\n\t\t\t\t<\/div>\n\t\t\t\t<div class=\"elementor-element elementor-element-8a7ee45 elementor-align-center bluerBtn1 elementor-invisible elementor-widget elementor-widget-button\" data-id=\"8a7ee45\" data-element_type=\"widget\" data-e-type=\"widget\" data-settings=\"{&quot;_animation&quot;:&quot;fadeInUp&quot;}\" data-widget_type=\"button.default\">\n\t\t\t\t<div class=\"elementor-widget-container\">\n\t\t\t\t\t\t\t\t\t<div class=\"elementor-button-wrapper\">\n\t\t\t\t\t<a class=\"elementor-button elementor-button-link elementor-size-sm\" href=\"https:\/\/shop.bookin1.com\/property\/RJKOCVHHR\/vouchers\/list?cat=all\" target=\"_blank\">\n\t\t\t\t\t\t<span class=\"elementor-button-content-wrapper\">\n\t\t\t\t\t\t\t\t\t<span class=\"elementor-button-text\">pridru\u017eite se<\/span>\n\t\t\t\t\t<\/span>\n\t\t\t\t\t<\/a>\n\t\t\t\t<\/div>\n\t\t\t\t\t\t\t\t<\/div>\n\t\t\t\t<\/div>\n\t\t\t\t\t<\/div>\n\t\t<\/div>\n\t\t\t\t\t<\/div>\n\t\t<\/section>\n\t\t\t\t<section class=\"elementor-section elementor-top-section elementor-element elementor-element-613d9b1 elementor-section-boxed elementor-section-height-default elementor-section-height-default\" data-id=\"613d9b1\" data-element_type=\"section\" data-e-type=\"section\" data-settings=\"{&quot;background_background&quot;:&quot;classic&quot;}\">\n\t\t\t\t\t\t<div class=\"elementor-container elementor-column-gap-default\">\n\t\t\t\t\t<div class=\"elementor-column elementor-col-100 elementor-top-column elementor-element elementor-element-cdb458d\" data-id=\"cdb458d\" data-element_type=\"column\" data-e-type=\"column\">\n\t\t\t<div class=\"elementor-widget-wrap elementor-element-populated\">\n\t\t\t\t\t\t<div class=\"elementor-element elementor-element-0187701 elementor-widget elementor-widget-heading\" data-id=\"0187701\" data-element_type=\"widget\" data-e-type=\"widget\" data-widget_type=\"heading.default\">\n\t\t\t\t<div class=\"elementor-widget-container\">\n\t\t\t\t\t<h2 class=\"elementor-heading-title elementor-size-default\">\u010clanarine<\/h2>\t\t\t\t<\/div>\n\t\t\t\t<\/div>\n\t\t\t\t<section class=\"elementor-section elementor-inner-section elementor-element elementor-element-1d41b0c elementor-section-boxed elementor-section-height-default elementor-section-height-default\" data-id=\"1d41b0c\" data-element_type=\"section\" data-e-type=\"section\">\n\t\t\t\t\t\t<div class=\"elementor-container elementor-column-gap-default\">\n\t\t\t\t\t<div class=\"elementor-column elementor-col-100 elementor-inner-column elementor-element elementor-element-14cc909\" data-id=\"14cc909\" data-element_type=\"column\" data-e-type=\"column\">\n\t\t\t<div class=\"elementor-widget-wrap elementor-element-populated\">\n\t\t\t\t\t\t<div class=\"elementor-element elementor-element-161987e elementor-widget elementor-widget-image\" data-id=\"161987e\" data-element_type=\"widget\" data-e-type=\"widget\" data-widget_type=\"image.default\">\n\t\t\t\t<div class=\"elementor-widget-container\">\n\t\t\t\t\t\t\t\t\t\t\t\t\t\t\t\t<a href=\"https:\/\/eforeaspacostabella.com\/wp-content\/uploads\/2025\/09\/eforea-Memberships-Pricelist-scaled.png\" data-elementor-open-lightbox=\"yes\" data-elementor-lightbox-title=\"eforea Memberships Pricelist\" data-e-action-hash=\"#elementor-action%3Aaction%3Dlightbox%26settings%3DeyJpZCI6MjczMSwidXJsIjoiaHR0cHM6XC9cL2Vmb3JlYXNwYWNvc3RhYmVsbGEuY29tXC93cC1jb250ZW50XC91cGxvYWRzXC8yMDI1XC8wOVwvZWZvcmVhLU1lbWJlcnNoaXBzLVByaWNlbGlzdC1zY2FsZWQucG5nIn0%3D\">\n\t\t\t\t\t\t\t<img fetchpriority=\"high\" decoding=\"async\" width=\"2560\" height=\"1810\" src=\"https:\/\/eforeaspacostabella.com\/wp-content\/uploads\/2025\/09\/eforea-Memberships-Pricelist-scaled.png\" class=\"attachment-full size-full wp-image-2731\" alt=\"\" srcset=\"https:\/\/eforeaspacostabella.com\/wp-content\/uploads\/2025\/09\/eforea-Memberships-Pricelist-scaled.png 2560w, https:\/\/eforeaspacostabella.com\/wp-content\/uploads\/2025\/09\/eforea-Memberships-Pricelist-300x212.png 300w, https:\/\/eforeaspacostabella.com\/wp-content\/uploads\/2025\/09\/eforea-Memberships-Pricelist-1024x724.png 1024w, https:\/\/eforeaspacostabella.com\/wp-content\/uploads\/2025\/09\/eforea-Memberships-Pricelist-768x543.png 768w, https:\/\/eforeaspacostabella.com\/wp-content\/uploads\/2025\/09\/eforea-Memberships-Pricelist-1536x1086.png 1536w, https:\/\/eforeaspacostabella.com\/wp-content\/uploads\/2025\/09\/eforea-Memberships-Pricelist-2048x1448.png 2048w\" sizes=\"(max-width: 2560px) 100vw, 2560px\" \/>\t\t\t\t\t\t\t\t<\/a>\n\t\t\t\t\t\t\t\t\t\t\t\t\t\t\t<\/div>\n\t\t\t\t<\/div>\n\t\t\t\t<div class=\"elementor-element elementor-element-f5ad57a elementor-hidden-desktop elementor-hidden-tablet elementor-hidden-mobile elementor-widget elementor-widget-image\" data-id=\"f5ad57a\" data-element_type=\"widget\" data-e-type=\"widget\" data-widget_type=\"image.default\">\n\t\t\t\t<div class=\"elementor-widget-container\">\n\t\t\t\t\t\t\t\t\t\t\t\t\t\t\t<img fetchpriority=\"high\" decoding=\"async\" width=\"2560\" height=\"1810\" src=\"https:\/\/eforeaspacostabella.com\/wp-content\/uploads\/2025\/09\/eforea-Memberships-Pricelist-scaled.png\" class=\"attachment-full size-full wp-image-2731\" alt=\"\" srcset=\"https:\/\/eforeaspacostabella.com\/wp-content\/uploads\/2025\/09\/eforea-Memberships-Pricelist-scaled.png 2560w, https:\/\/eforeaspacostabella.com\/wp-content\/uploads\/2025\/09\/eforea-Memberships-Pricelist-300x212.png 300w, https:\/\/eforeaspacostabella.com\/wp-content\/uploads\/2025\/09\/eforea-Memberships-Pricelist-1024x724.png 1024w, https:\/\/eforeaspacostabella.com\/wp-content\/uploads\/2025\/09\/eforea-Memberships-Pricelist-768x543.png 768w, https:\/\/eforeaspacostabella.com\/wp-content\/uploads\/2025\/09\/eforea-Memberships-Pricelist-1536x1086.png 1536w, https:\/\/eforeaspacostabella.com\/wp-content\/uploads\/2025\/09\/eforea-Memberships-Pricelist-2048x1448.png 2048w\" sizes=\"(max-width: 2560px) 100vw, 2560px\" \/>\t\t\t\t\t\t\t\t\t\t\t\t\t\t\t<\/div>\n\t\t\t\t<\/div>\n\t\t\t\t\t<\/div>\n\t\t<\/div>\n\t\t\t\t\t<\/div>\n\t\t<\/section>\n\t\t\t\t\t<\/div>\n\t\t<\/div>\n\t\t\t\t\t<\/div>\n\t\t<\/section>\n\t\t\t\t<\/div>\n\t\t","protected":false},"excerpt":{"rendered":"<p>\u010dlanstvo pridru\u017eite se \u010clanarine<\/p>\n","protected":false},"author":1,"featured_media":0,"parent":0,"menu_order":0,"comment_status":"closed","ping_status":"closed","template":"elementor_header_footer","meta":{"inline_featured_image":false,"footnotes":""},"class_list":["post-1145","page","type-page","status-publish","hentry"],"yoast_head":"<!-- This site is optimized with the Yoast SEO plugin v27.3 - https:\/\/yoast.com\/product\/yoast-seo-wordpress\/ -->\n<title>\u010clanstvo - eforea<\/title>\n<meta name=\"robots\" content=\"index, follow, max-snippet:-1, max-image-preview:large, max-video-preview:-1\" \/>\n<link rel=\"canonical\" href=\"https:\/\/eforeaspacostabella.com\/membership\/\" \/>\n<meta property=\"og:locale\" content=\"hr_HR\" \/>\n<meta property=\"og:type\" content=\"article\" \/>\n<meta property=\"og:title\" content=\"\u010clanstvo - eforea\" \/>\n<meta property=\"og:description\" content=\"\u010dlanstvo pridru\u017eite se \u010clanarine\" \/>\n<meta property=\"og:url\" content=\"https:\/\/eforeaspacostabella.com\/membership\/\" \/>\n<meta property=\"og:site_name\" content=\"eforea\" \/>\n<meta property=\"article:modified_time\" content=\"2025-09-12T18:33:27+00:00\" \/>\n<meta property=\"og:image\" content=\"https:\/\/eforeaspacostabella.com\/wp-content\/uploads\/2025\/09\/eforea-Memberships-Pricelist-1024x724.png\" \/>\n\t<meta property=\"og:image:width\" content=\"1024\" \/>\n\t<meta property=\"og:image:height\" content=\"724\" \/>\n\t<meta property=\"og:image:type\" content=\"image\/png\" \/>\n<meta name=\"twitter:card\" content=\"summary_large_image\" \/>\n<meta name=\"twitter:label1\" content=\"Procijenjeno vrijeme \u010ditanja\" \/>\n\t<meta name=\"twitter:data1\" content=\"1 minuta\" \/>\n<script type=\"application\/ld+json\" class=\"yoast-schema-graph\">{\"@context\":\"https:\\\/\\\/schema.org\",\"@graph\":[{\"@type\":\"WebPage\",\"@id\":\"https:\\\/\\\/eforeaspacostabella.com\\\/membership\\\/\",\"url\":\"https:\\\/\\\/eforeaspacostabella.com\\\/membership\\\/\",\"name\":\"\u010clanstvo - eforea\",\"isPartOf\":{\"@id\":\"https:\\\/\\\/eforeaspacostabella.com\\\/#website\"},\"primaryImageOfPage\":{\"@id\":\"https:\\\/\\\/eforeaspacostabella.com\\\/membership\\\/#primaryimage\"},\"image\":{\"@id\":\"https:\\\/\\\/eforeaspacostabella.com\\\/membership\\\/#primaryimage\"},\"thumbnailUrl\":\"https:\\\/\\\/eforeaspacostabella.com\\\/wp-content\\\/uploads\\\/2025\\\/09\\\/eforea-Memberships-Pricelist-scaled.png\",\"datePublished\":\"2021-04-30T07:35:42+00:00\",\"dateModified\":\"2025-09-12T18:33:27+00:00\",\"breadcrumb\":{\"@id\":\"https:\\\/\\\/eforeaspacostabella.com\\\/membership\\\/#breadcrumb\"},\"inLanguage\":\"hr\",\"potentialAction\":[{\"@type\":\"ReadAction\",\"target\":[\"https:\\\/\\\/eforeaspacostabella.com\\\/membership\\\/\"]}]},{\"@type\":\"ImageObject\",\"inLanguage\":\"hr\",\"@id\":\"https:\\\/\\\/eforeaspacostabella.com\\\/membership\\\/#primaryimage\",\"url\":\"https:\\\/\\\/eforeaspacostabella.com\\\/wp-content\\\/uploads\\\/2025\\\/09\\\/eforea-Memberships-Pricelist-scaled.png\",\"contentUrl\":\"https:\\\/\\\/eforeaspacostabella.com\\\/wp-content\\\/uploads\\\/2025\\\/09\\\/eforea-Memberships-Pricelist-scaled.png\"},{\"@type\":\"BreadcrumbList\",\"@id\":\"https:\\\/\\\/eforeaspacostabella.com\\\/membership\\\/#breadcrumb\",\"itemListElement\":[{\"@type\":\"ListItem\",\"position\":1,\"name\":\"Home\",\"item\":\"https:\\\/\\\/eforeaspacostabella.com\\\/\"},{\"@type\":\"ListItem\",\"position\":2,\"name\":\"\u010clanstvo\"}]},{\"@type\":\"WebSite\",\"@id\":\"https:\\\/\\\/eforeaspacostabella.com\\\/#website\",\"url\":\"https:\\\/\\\/eforeaspacostabella.com\\\/\",\"name\":\"eforea\",\"description\":\"Spa &amp; Health club\",\"potentialAction\":[{\"@type\":\"SearchAction\",\"target\":{\"@type\":\"EntryPoint\",\"urlTemplate\":\"https:\\\/\\\/eforeaspacostabella.com\\\/?s={search_term_string}\"},\"query-input\":{\"@type\":\"PropertyValueSpecification\",\"valueRequired\":true,\"valueName\":\"search_term_string\"}}],\"inLanguage\":\"hr\"}]}<\/script>\n<!-- \/ Yoast SEO plugin. -->","yoast_head_json":{"title":"\u010clanstvo - eforea","robots":{"index":"index","follow":"follow","max-snippet":"max-snippet:-1","max-image-preview":"max-image-preview:large","max-video-preview":"max-video-preview:-1"},"canonical":"https:\/\/eforeaspacostabella.com\/membership\/","og_locale":"hr_HR","og_type":"article","og_title":"\u010clanstvo - eforea","og_description":"\u010dlanstvo pridru\u017eite se \u010clanarine","og_url":"https:\/\/eforeaspacostabella.com\/membership\/","og_site_name":"eforea","article_modified_time":"2025-09-12T18:33:27+00:00","og_image":[{"width":1024,"height":724,"url":"https:\/\/eforeaspacostabella.com\/wp-content\/uploads\/2025\/09\/eforea-Memberships-Pricelist-1024x724.png","type":"image\/png"}],"twitter_card":"summary_large_image","twitter_misc":{"Procijenjeno vrijeme \u010ditanja":"1 minuta"},"schema":{"@context":"https:\/\/schema.org","@graph":[{"@type":"WebPage","@id":"https:\/\/eforeaspacostabella.com\/membership\/","url":"https:\/\/eforeaspacostabella.com\/membership\/","name":"\u010clanstvo - eforea","isPartOf":{"@id":"https:\/\/eforeaspacostabella.com\/#website"},"primaryImageOfPage":{"@id":"https:\/\/eforeaspacostabella.com\/membership\/#primaryimage"},"image":{"@id":"https:\/\/eforeaspacostabella.com\/membership\/#primaryimage"},"thumbnailUrl":"https:\/\/eforeaspacostabella.com\/wp-content\/uploads\/2025\/09\/eforea-Memberships-Pricelist-scaled.png","datePublished":"2021-04-30T07:35:42+00:00","dateModified":"2025-09-12T18:33:27+00:00","breadcrumb":{"@id":"https:\/\/eforeaspacostabella.com\/membership\/#breadcrumb"},"inLanguage":"hr","potentialAction":[{"@type":"ReadAction","target":["https:\/\/eforeaspacostabella.com\/membership\/"]}]},{"@type":"ImageObject","inLanguage":"hr","@id":"https:\/\/eforeaspacostabella.com\/membership\/#primaryimage","url":"https:\/\/eforeaspacostabella.com\/wp-content\/uploads\/2025\/09\/eforea-Memberships-Pricelist-scaled.png","contentUrl":"https:\/\/eforeaspacostabella.com\/wp-content\/uploads\/2025\/09\/eforea-Memberships-Pricelist-scaled.png"},{"@type":"BreadcrumbList","@id":"https:\/\/eforeaspacostabella.com\/membership\/#breadcrumb","itemListElement":[{"@type":"ListItem","position":1,"name":"Home","item":"https:\/\/eforeaspacostabella.com\/"},{"@type":"ListItem","position":2,"name":"\u010clanstvo"}]},{"@type":"WebSite","@id":"https:\/\/eforeaspacostabella.com\/#website","url":"https:\/\/eforeaspacostabella.com\/","name":"eforea","description":"Spa &amp; Health club","potentialAction":[{"@type":"SearchAction","target":{"@type":"EntryPoint","urlTemplate":"https:\/\/eforeaspacostabella.com\/?s={search_term_string}"},"query-input":{"@type":"PropertyValueSpecification","valueRequired":true,"valueName":"search_term_string"}}],"inLanguage":"hr"}]}},"_links":{"self":[{"href":"https:\/\/eforeaspacostabella.com\/hr\/wp-json\/wp\/v2\/pages\/1145","targetHints":{"allow":["GET"]}}],"collection":[{"href":"https:\/\/eforeaspacostabella.com\/hr\/wp-json\/wp\/v2\/pages"}],"about":[{"href":"https:\/\/eforeaspacostabella.com\/hr\/wp-json\/wp\/v2\/types\/page"}],"author":[{"embeddable":true,"href":"https:\/\/eforeaspacostabella.com\/hr\/wp-json\/wp\/v2\/users\/1"}],"replies":[{"embeddable":true,"href":"https:\/\/eforeaspacostabella.com\/hr\/wp-json\/wp\/v2\/comments?post=1145"}],"version-history":[{"count":55,"href":"https:\/\/eforeaspacostabella.com\/hr\/wp-json\/wp\/v2\/pages\/1145\/revisions"}],"predecessor-version":[{"id":2735,"href":"https:\/\/eforeaspacostabella.com\/hr\/wp-json\/wp\/v2\/pages\/1145\/revisions\/2735"}],"wp:attachment":[{"href":"https:\/\/eforeaspacostabella.com\/hr\/wp-json\/wp\/v2\/media?parent=1145"}],"curies":[{"name":"wp","href":"https:\/\/api.w.org\/{rel}","templated":true}]}}